{"id":385,"date":"2019-08-22T09:21:02","date_gmt":"2019-08-22T09:21:02","guid":{"rendered":"https:\/\/parmenon.buffet-multisite.buffet-preprod-02.modulodigital.com\/?page_id=385"},"modified":"2023-08-23T14:15:35","modified_gmt":"2023-08-23T14:15:35","slug":"where-to-find-us-2","status":"publish","type":"page","link":"http:\/\/parmenon.buffet-multisite.buffet-preprod-02.modulodigital.com\/en\/where-to-find-us-2\/","title":{"rendered":"Where to find&nbsp;us"},"content":{"rendered":"<h2>Head Office<\/h2>\n<p>Buffet Crampon<br \/>\n5 rue Maurice Berteaux<br \/>\n78711 MANTES-LA-VILLE &#8211; France<br \/>\nPhone: +33 (0)1 30 98 51 30<br \/>\ncontact@buffetcrampon.com<\/p>\n<h2>Parmenon<\/h2>\n<p>Pierre Helou &amp; R\u00e9mi Caron (technical questions)<br \/>\nDaniel Sharp (commercial questions)<br \/>\n49 rue du colombier<br \/>\n45000 Orl\u00e9ans &#8211; France<br \/>\nT\u00e9l\u00e9phone: +33 (0)2 38 42 09 10<br \/>\ncontact@parmenon.fr<\/p>\n<p><strong>Offices\u00a0&amp; Showrooms<\/strong><\/p>\n<p><strong>BUFFET CRAMPON FRANCE<\/strong><\/p>\n<p><u>SHOWROOM :<\/u><br \/>\n203 bis boulevard Saint Germain<br \/>\n75007 Paris &#8211; France<br \/>\nPhone: +33 (0)1 45 48 56 13<br \/>\nshowroom.paris@buffetcrampon.com<\/p>\n<p><u>SHOWROOM DOUBLE REEDS BUFFET CRAMPON AND RIGOUTAT :<br \/>\n<\/u>1 rue de Montalembert<br \/>\n75007 Paris &#8211; France<br \/>\nPhone: +33 (0)1 43 22 46 14<\/p>\n<p>&nbsp;<\/p>\n<p><strong>BUFFET CRAMPON CHINA<\/strong><\/p>\n<p><u>OFFICE :<\/u><br \/>\nXuxinzhuang Industry Park,<br \/>\nTongzhou District,<br \/>\nBeijing, China<br \/>\nPhone : +86 10 8357 6226<br \/>\nFax : +86 10 8357 6226<br \/>\ncorporate-china@buffetcrampon.com<br \/>\ncustomerservice.china@buffetcrampon.com<\/p>\n<p><u>SHOWROOMS :<\/u><br \/>\nShowroom Buffet Crampon\u00a0China &#8211; Boerde Music Center<br \/>\nRoom 1005, Tower D<br \/>\n27 Nan San Huan Dong Lu FangZhuang, Fengtai Qu, Beijing Shi<br \/>\nBeijing, China<\/p>\n<p>Showroom Buffet Crampon\u00a0China &#8212; Xusheng Musical Instruments<br \/>\nBuilding 8, Unit 2, Room 102<br \/>\n100 Zi Zhu Yuan Lu, Haidian Qu, Beijing Shi<br \/>\nBeijing, China<\/p>\n<p><strong>BUFFET CRAMPON GERMANY<\/strong><\/p>\n<p><u>OFFICE:<\/u><br \/>\nGewerbepark 52-54<br \/>\n08258 Markneukirchen &#8211; Germany<br \/>\nMobile: +49 (0) 37422 \/ 4079 \u2013 0<br \/>\nFax: +49 (0)37422 4079-599<br \/>\ndeutschland@buffetcrampon.com<\/p>\n<p><u>SHOWROOM:<\/u><br \/>\nSeniweg 4<br \/>\n82538 GERETSRIED &#8211; Germany<br \/>\nPhone:\u00a0+49 (0)8171 9218728<br \/>\nshowroom.munich@de.buffetcrampon.com<\/p>\n<p><strong>BUFFET CRAMPON JAPAN<\/strong><\/p>\n<p><u>OFFICE &amp; SHOWROOM:<\/u><br \/>\n8-17, Tokyo-4-koto-ku<br \/>\n135-0016 TOKYO &#8211; Japan<br \/>\nPhone:\u00a0+81 3 5632 5511<br \/>\nshowroom.tokyo@buffetcrampon.com<\/p>\n<p><strong>BUFFET CRAMPON USA<\/strong><\/p>\n<p><u>OFFICE:<\/u><br \/>\n7255 Salisbury Road, Suite 4<br \/>\nJacksonville \u2013 FL 32256 -USA<br \/>\nPhone:\u00a0+1 904 821 0234<br \/>\ncorporate-usa@buffetcrampon.com<\/p>\n<p><strong>BUFFET CRAMPON CANADA<\/strong><\/p>\n<p><u>OFFICE:<\/u><br \/>\nA152-1470 Rue Peel<br \/>\nMontreal, QC H3A 1T1 &#8211; Canada<br \/>\ncorporate-canada@buffetcrampon.com<\/p>\n<p><strong>BUFFET CRAMPON NETHERLANDS<\/strong><\/p>\n<p><u>SHOWROOM:<\/u><br \/>\nVan Baerlestraat 130<br \/>\n1071 BD Amsterdam, Netherlands<br \/>\nPhone: +31 20 786 7946<br \/>\nshowroom.amsterdam@buffetcrampon.com<\/p>\n<p><strong>Production\u00a0Sites<\/strong><\/p>\n<ul>\n<li>Manufacturing of Buffet Crampon professional clarinets, oboes, bassoons, and saxophones:<br \/>\n5 rue Maurice Berteaux<br \/>\n78711 Mantes la Ville &#8211; France<\/li>\n<\/ul>\n<ul>\n<li>Manufacturing of Buffet Crampon student\u00a0clarinets and oboes, and Julius Keilwerth,\u00a0W. Schreiber, Besson, J. Scherzer, B&amp;S, Hans Hoyer and\u00a0Antoine Courtois instruments:<br \/>\nGewerbepark 52-54<br \/>\n08258 Markneukirchen &#8211;\u00a0Germany<\/li>\n<\/ul>\n<ul>\n<li>Manufacturing of Melton Meinl Weston instruments\u00a0and\u00a0Hans Hoyer triple horns:<br \/>\nSeriweg 4<br \/>\nD-82538 Geretsried \u2013 Germany<\/li>\n<\/ul>\n<ul>\n<li>Manufacturing (and Showroom) of Powell Sonar\u00e9, Signature, Handmade Conservatory and Handmade Custom instruments:<br \/>\n3 Mill and Main\u00a0 Suite 130<br \/>\nMaynard, Massachusetts &#8211;\u00a001754 USA<br \/>\n00 1 (978)461-6111<\/li>\n<\/ul>\n<p><strong>Sales\u00a0Contacts<\/strong><\/p>\n<div class='cols w3col'>\n<div class='col'>\n<div class='col-wrap'>\n<p><strong>AFRICA AND MIDDLE EAST<\/strong><\/p>\n<p>Olivier Auclair<br \/>\nolivier.auclair@buffetcrampon.com<br \/>\nMobile:\u00a0+33 (0)6 74942809<\/p>\n<\/div>\n<\/div>\n<div class='col'>\n<div class='col-wrap'>\n<p><strong>SOUTH AMERICA<\/strong><\/p>\n<p><span style=\"text-decoration: underline\">CENTRAL AMERICA (except PERU and ECUADOR)<br \/>\nCOLOMBIA\/VENEZUELA\/MEXICO\/CARIBEAN COUNTRIES<\/span><br \/>\nCamilo Jimenez Vera<br \/>\ncamilo.jimenez@buffetcrampon.com<br \/>\nMobile: +57 316 229 18 63<\/p>\n<p><u>SOUTH AMERICA (except COLOMBIA and VENEZUELA)<\/u><br \/>\nMartin D&#8217;Auria<br \/>\nmartin.dauria@buffetcrampon.com<br \/>\nMobile: +54 9 11 2332-4066<\/p>\n<\/div>\n<\/div>\n<div class='col'>\n<div class='col-wrap'>\n<p><strong>ASIA (EXCEPT CHINA &amp; JAPAN)<\/strong><\/p>\n<p>Olivier Auclair<br \/>\nolivier.auclair@buffetcrampon.com<br \/>\nMobile:\u00a0+33 (0)6 74942809<\/p>\n<\/div>\n<\/div>\n<\/div>\n<div class='cols w3col'>\n<div class='col'>\n<div class='col-wrap'>\n<p><strong>AUSTRALIA &amp;\u00a0NEW ZEALAND<\/strong><\/p>\n<p>Christopher Thomson<br \/>\nchristopher.thomson@buffetcrampon.com<br \/>\nMobile: + 61 (0) 437 959 006<\/p>\n<\/div>\n<\/div>\n<div class='col'>\n<div class='col-wrap'>\n<p><strong>BENELUX<\/strong><\/p>\n<p>Jan Jansen<br \/>\njan.jansen@buffetcrampon.com<br \/>\nMobile: +31 (0)651 379612<\/p>\n<\/div>\n<\/div>\n<div class='col'>\n<div class='col-wrap'>\n<p><strong>CANADA<\/strong><\/p>\n<p>Jack Dring<br \/>\njack.dring@buffetcrampon.com<br \/>\nMobile: +1 416 529 6072<\/p>\n<\/div>\n<\/div>\n<\/div>\n<div class='cols w3col'>\n<div class='col'>\n<div class='col-wrap'>\n<p><strong>Germany &amp; Austria<\/strong><\/p>\n<p><u>East Germany &amp; partly South and North (postcode 0, 1, 80 \u2013 86, 9)<\/u><br \/>\nTom Kaschubowski<br \/>\ntom.kaschubowski@de.buffetcrampon.com<\/p>\n<p><u>South Germany (postcode 7, 86 \u2013 89)<\/u><br \/>\n<u>Austria<\/u><br \/>\nPatrick La Venia<br \/>\npatrick.lavenia@de.buffetcrampon.com<\/p>\n<p><u>North &amp; West Germany (postcode 2-6)<\/u><br \/>\nMichael Molter<br \/>\nmichael.molter@de.buffetcrampon.com<\/p>\n<\/div>\n<\/div>\n<div class='col'>\n<div class='col-wrap'>\n<p><strong>EASTERN EUROPE<\/strong><\/p>\n<p><u>Armenia, Azerbaijan, Belarus, Czech Republic, Estonia, Georgia, Kazakhstan, Kirgizstan, Latvia, Lithuania, Mongolia, Poland, \u00a0Russia, Slovakia, Tadzhikistan, Turkmenistan, Ukraine, Uzbekistan<\/u><br \/>\nJi\u0159\u00ed Ciller<br \/>\njiri.ciller@buffetcrampon.com<br \/>\nMobile: +420 777 294 739<\/p>\n<p><u>Slovenia, Croatia, Hungary, Romania, Moldova, Bulgaria, Macedonia, Albania, Bosnia and Herzegovina, Montenegro, Serbia<\/u><br \/>\nKostja Avsec<br \/>\nkostja.avsec@buffetcrampon.com<br \/>\nMobile: +386 30 450 949<\/p>\n<p><u>Senior Director Sales &amp; Marketing<br \/>\nBuffet Crampon Deutschland GmbH<br \/>\nSeniweg 4; 82538 Geretsried<\/u><br \/>\nVolkmar K\u00fchnle<br \/>\nvolkmar.kuehnle@de.buffetcrampon.com<br \/>\nMobile: +491 755 871 499<\/p>\n<\/div>\n<\/div>\n<div class='col'>\n<div class='col-wrap'>\n<p><strong>SPAIN &amp;\u00a0PORTUGAL<\/strong><\/p>\n<p>Jose Tomas<br \/>\njose.tomas@buffetcrampon.com<br \/>\nMobile: +34 678 069 925<\/p>\n<p>S\u00e9rgio Santos<br \/>\nsergio.santos@buffetcrampon.com<br \/>\nMobile: +351 936 186 520<\/p>\n<\/div>\n<\/div>\n<\/div>\n<div class='cols w3col'>\n<div class='col'>\n<div class='col-wrap'>\n<p><strong>FRANCE<\/strong><\/p>\n<p>Vincent Nackaert<br \/>\nvincent.nackaert@buffetcrampon.com<br \/>\nMobile: +33 (0)6 84 51 52 77<\/p>\n<p>Jean-Jacques Odienne<br \/>\njean-jacques.odienne@buffetcrampon.com<br \/>\nMobile: +33 (0)6 86 64 45 67<\/p>\n<p>Nikola\u00ef Sikorski<br \/>\nnikolai.sikorski@buffetcrampon.com<br \/>\nMobile : + 33 (0)6 89 63 06 89<\/p>\n<\/div>\n<\/div>\n<div class='col'>\n<div class='col-wrap'>\n<p><strong>ITALY, GREECE, CYPRUS, MALTA<\/strong><\/p>\n<p>Giuseppe Scattarreggia<br \/>\ngiussepe.scattarregia@buffetcrampon.com<br \/>\nMobile: +39 3 3524 4606<\/p>\n<\/div>\n<\/div>\n<div class='col'>\n<div class='col-wrap'>\n<p><strong>USA<\/strong><\/p>\n<p><u>CENTRAL PLAINS TERRITORY (IA, KS, MN, NE, ND, SD)<\/u><br \/>\nJack Dring<br \/>\njack.dring@buffetcrampon.com<br \/>\nMobile: +1 416 529 6072<\/p>\n<\/div>\n<\/div>\n<\/div>\n<div class='cols w3col'>\n<div class='col'>\n<div class='col-wrap'>\n<p><strong>USA<\/strong><\/p>\n<p><u>MIDWEST TERRITORY (IL, IN, KY, MI, OH, WI)<\/u><br \/>\nBenjamin Myers<br \/>\nbenjamin.myers@buffetcrampon.com<br \/>\nMobile: +1 615 485 9049<\/p>\n<\/div>\n<\/div>\n<div class='col'>\n<div class='col-wrap'>\n<p><strong>USA<\/strong><\/p>\n<p><u>SOUTHWEST TERRITORY (TX, OK, AR, LA)<\/u><\/p>\n<p>Donnie Todd<\/p>\n<p>donnie.todd@buffetcrampon.com<\/p>\n<p>Mobile : +1 904 485 0349<\/p>\n<p><u>MID-ATLANTIC TERRITORY (DC, DE, MD, PA, VA, WV)<\/u><br \/>\nKurt Wittstadt<br \/>\nKurt.wittstadt@buffetcrampon.com<br \/>\nMobile: +1 443 564 0225<\/p>\n<p><u>NORTHEAST TERRITORY (CT, MA, ME, NH, NJ, NY, RI, VT)<\/u><br \/>\nChris Coppinger<br \/>\nchris.coppinger@buffetcrampon.com<br \/>\nMobile: +1 516 815 5222<\/p>\n<p><span style=\"text-decoration: underline\">INSIDE SALES TERRITORY (NM, CO, UT, MT, WY, MS, AL, TN and Puerto Rico)<\/span><br \/>\nAlex Marino<br \/>\nalex.marino@buffetcrampon.com<br \/>\nMobile: +1 904 504 2785<\/p>\n<\/div>\n<\/div>\n<div class='col'>\n<div class='col-wrap'>\n<p><strong>USA<\/strong><\/p>\n<p><span style=\"text-decoration: underline\">WEST COAST TERRITORY (AK, AZ, CA, HI, ID, NV, OR, WA)<\/span><br \/>\nCALL Customer Service<br \/>\nOffice: +1 904 821-0234<\/p>\n<p><span style=\"text-decoration: underline\">EAST COAST TERRITORY (FL, GA, SC, NC, DC, DE, MD, PA, VA, WV)<\/span><br \/>\nKurt Wittstadt<br \/>\nkurt.wittstadt@buffetcrampon.com<br \/>\nMobile: +1 443 564 0225<\/p>\n<p><u>PRODUCT QUESTIONS<\/u><br \/>\nWoodwind<br \/>\nwoodwindUSA@buffetcrampon.com<\/p>\n<p>Brass<br \/>\nhigh-brassUSA@buffetcrampon.com<br \/>\nlow-brassUSA@buffetcrampon.com<\/p>\n<\/div>\n<\/div>\n<\/div>\n<div class='cols w3col'>\n<div class='col'>\n<div class='col-wrap'>\n<p><strong>UNITED KINGDOM<\/strong><\/p>\n<p>Lyndon Chapman<br \/>\nlyndon.chapman@buffetcrampon.com<br \/>\nMobile: +44 (0)7899 918074<\/p>\n<p>Euan Meikle<br \/>\neuan.meikle@buffetcrampon.com<br \/>\nMobile: +44 (0)7368 915228<\/p>\n<\/div>\n<\/div>\n<div class='col'>\n<div class='col-wrap'>\n<p><strong>SCANDINAVIA<\/strong><\/p>\n<p>Geir Lorentzen<br \/>\ngeir.lorentzen@buffetcrampon.com<br \/>\nMobile: +47\u00a0950 22\u00a0770<\/p>\n<\/div>\n<\/div>\n<div class='col'>\n<div class='col-wrap'>\n<p><strong>SWITZERLAND<\/strong><\/p>\n<p>Valentin Oberson<br \/>\nvalentin.oberson@buffetcrampon.com<br \/>\nMobile: +41 (0) 76 248 68 57<\/p>\n<\/div>\n<\/div>\n<\/div>\n","protected":false},"excerpt":{"rendered":"<p>Head Office Buffet Crampon 5 rue Maurice Berteaux 78711 MANTES-LA-VILLE &#8211; France Phone: +33 (0)1 30 98 51 30 contact@buffetcrampon.com Parmenon Pierre Helou &amp; R\u00e9mi Caron (technical questions) Daniel Sharp (commercial questions) 49 rue du colombier 45000 Orl\u00e9ans &#8211; France T\u00e9l\u00e9phone: +33 (0)2 38 42 09 10 contact@parmenon.fr Offices\u00a0&amp; Showrooms BUFFET CRAMPON FRANCE SHOWROOM : [&hellip;]<\/p>\n","protected":false},"author":12,"featured_media":0,"parent":0,"menu_order":0,"comment_status":"closed","ping_status":"closed","template":"","meta":{"_acf_changed":false,"_relevanssi_hide_post":"","_relevanssi_pin_for_all":"","_relevanssi_pin_keywords":"","_relevanssi_unpin_keywords":"","_relevanssi_related_keywords":"","_relevanssi_related_include_ids":"","_relevanssi_related_exclude_ids":"","_relevanssi_related_no_append":"","_relevanssi_related_not_related":"","_relevanssi_related_posts":"","_relevanssi_noindex_reason":"","footnotes":""},"class_list":["post-385","page","type-page","status-publish","hentry"],"acf":[],"_links":{"self":[{"href":"http:\/\/parmenon.buffet-multisite.buffet-preprod-02.modulodigital.com\/en\/wp-json\/wp\/v2\/pages\/385","targetHints":{"allow":["GET"]}}],"collection":[{"href":"http:\/\/parmenon.buffet-multisite.buffet-preprod-02.modulodigital.com\/en\/wp-json\/wp\/v2\/pages"}],"about":[{"href":"http:\/\/parmenon.buffet-multisite.buffet-preprod-02.modulodigital.com\/en\/wp-json\/wp\/v2\/types\/page"}],"author":[{"embeddable":true,"href":"http:\/\/parmenon.buffet-multisite.buffet-preprod-02.modulodigital.com\/en\/wp-json\/wp\/v2\/users\/12"}],"replies":[{"embeddable":true,"href":"http:\/\/parmenon.buffet-multisite.buffet-preprod-02.modulodigital.com\/en\/wp-json\/wp\/v2\/comments?post=385"}],"version-history":[{"count":27,"href":"http:\/\/parmenon.buffet-multisite.buffet-preprod-02.modulodigital.com\/en\/wp-json\/wp\/v2\/pages\/385\/revisions"}],"predecessor-version":[{"id":1507,"href":"http:\/\/parmenon.buffet-multisite.buffet-preprod-02.modulodigital.com\/en\/wp-json\/wp\/v2\/pages\/385\/revisions\/1507"}],"wp:attachment":[{"href":"http:\/\/parmenon.buffet-multisite.buffet-preprod-02.modulodigital.com\/en\/wp-json\/wp\/v2\/media?parent=385"}],"curies":[{"name":"wp","href":"https:\/\/api.w.org\/{rel}","templated":true}]}}