{"id":168,"date":"2019-07-15T12:21:34","date_gmt":"2019-07-15T12:21:34","guid":{"rendered":"https:\/\/parmenon.buffet-multisite.buffet-preprod-02.modulodigital.com\/?page_id=168"},"modified":"2019-08-22T11:31:19","modified_gmt":"2019-08-22T11:31:19","slug":"planifier-un-essai","status":"publish","type":"page","link":"https:\/\/parmenon.buffet-multisite.buffet-preprod-02.modulodigital.com\/fr\/planifier-un-essai\/","title":{"rendered":"Planifier un&nbsp;essai"},"content":{"rendered":"<h2>Planifier un essai<\/h2>\n<p>La s\u00e9lection d\u2019un nouvel instrument peut \u00eatre un processus intimidant et nous aimons travailler avec vous en \u00e9troite collaboration afin de vous guider. Notre \u00e9quipe de fl\u00fbtistes professionnels est \u00e0 votre disposition pour r\u00e9pondre \u00e0 toutes vos questions sur les instruments Parmenon et sur les embouchures.<\/p>\n<p>Pour planifier un essai, veuillez remplir le formulaire ci-dessous.<\/p>\n<form method=\"post\" enctype=\"multipart\/form-data\" id=\"vfbp-form-3\" class=\"vfbp-form\">\n<div style=\"display:none;\"><label for=\"vfbp-EMAIL-AN8fuQyoDLXem\">If you are human, leave this field blank.<\/label><input size=\"25\" autocomplete=\"off\" type=\"text\" name=\"vfbp-EMAIL-AN8fuQyoDLXem\" value=\"\" id=\"\"><\/div>\n<p><input type=\"hidden\" name=\"_vfb-timestamp-3\" value=\"1775306131\" id=\"\"><input type=\"hidden\" name=\"_vfb-form-id\" value=\"3\" id=\"\"><\/p>\n<div class=\"vfb-form-group vfb-col-12\">\n<div>\n<div class=\"\">Planifier un essai<\/div>\n<\/div>\n<\/div>\n<div class=\"vfb-col-12 vfb-fieldType-heading\" id=\"vfbField23\"><\/div>\n<div class=\"vfb-clearfix\"><\/div>\n<div class=\"vfb-col-12 vfb-fieldType-text\" id=\"vfbField24\">\n<div class=\"vfb-form-group\"><label for=\"vfb-field-24\" class=\"vfb-control-label\">Pr\u00e9nom <span class=\"vfb-required-asterisk\">*<\/span><\/label><\/p>\n<div><input id=\"vfb-field-24\" class=\"vfb-form-control\" placeholder=\"\" required=\"required\" type=\"text\" name=\"vfb-field-24\" value=\"\"><\/div>\n<\/div>\n<\/div>\n<div class=\"vfb-clearfix\"><\/div>\n<div class=\"vfb-col-12 vfb-fieldType-text\" id=\"vfbField25\">\n<div class=\"vfb-form-group\"><label for=\"vfb-field-25\" class=\"vfb-control-label\">Nom <span class=\"vfb-required-asterisk\">*<\/span><\/label><\/p>\n<div><input id=\"vfb-field-25\" class=\"vfb-form-control\" placeholder=\"\" required=\"required\" type=\"text\" name=\"vfb-field-25\" value=\"\"><\/div>\n<\/div>\n<\/div>\n<div class=\"vfb-clearfix\"><\/div>\n<div class=\"vfb-col-12 vfb-fieldType-address\" id=\"vfbField26\">\n<div class=\"vfb-form-group\"><label for=\"vfb-field-26\" class=\"vfb-control-label\">Addresse <span class=\"vfb-required-asterisk\">*<\/span><\/label><\/p>\n<div class=\"vfb-address-block\" id=\"vfb-field-26\">\n<div class=\"vfb-form-group\" style=\"\"><input id=\"vfb-field-26-address-1\" class=\"vfb-form-control vfb-addresspart-address-1\" placeholder=\"\" required=\"required\" type=\"text\" name=\"vfb-field-26[address-1]\"><\/div>\n<div class=\"vfb-form-group\" style=\"\"><label for=\"vfb-field-26-address-2\" class=\"vfb-address-label\">Apt, suite, etc.<\/label><input id=\"vfb-field-26-address-2\" class=\"vfb-form-control vfb-addresspart-address-2\" placeholder=\"\" required=\"required\" type=\"text\" name=\"vfb-field-26[address-2]\"><\/div>\n<div class=\"vfb-form-group\" style=\"\"><label for=\"vfb-field-26-country\" class=\"vfb-address-label\">Country<\/label><select id=\"vfb-field-26-country\" class=\"vfb-form-control vfb-addresspart-country\" placeholder=\"\" required=\"required\" name=\"vfb-field-26[country]\"><option value=\"US\">United States (US)<\/option><option value=\"GB\">United Kingdom (UK)<\/option><option value=\"CA\">Canada<\/option><option value=\"AU\">Australia<\/option><option value=\"\" selected='selected'>---<\/option><option value=\"AF\">Afghanistan<\/option><option value=\"AX\">&#197;land Islands<\/option><option value=\"AL\">Albania<\/option><option value=\"DZ\">Algeria<\/option><option value=\"AD\">Andorra<\/option><option value=\"AO\">Angola<\/option><option value=\"AI\">Anguilla<\/option><option value=\"AQ\">Antarctica<\/option><option value=\"AG\">Antigua and Barbuda<\/option><option value=\"AR\">Argentina<\/option><option value=\"AM\">Armenia<\/option><option value=\"AW\">Aruba<\/option><option value=\"AS\">American Samoa<\/option><option value=\"AT\">Austria<\/option><option value=\"AZ\">Azerbaijan<\/option><option value=\"BS\">Bahamas<\/option><option value=\"BH\">Bahrain<\/option><option value=\"BD\">Bangladesh<\/option><option value=\"BB\">Barbados<\/option><option value=\"BY\">Belarus<\/option><option value=\"BE\">Belgium<\/option><option value=\"PW\">Belau<\/option><option value=\"BZ\">Belize<\/option><option value=\"BJ\">Benin<\/option><option value=\"BM\">Bermuda<\/option><option value=\"BT\">Bhutan<\/option><option value=\"BO\">Bolivia<\/option><option value=\"BQ\">Bonaire, Saint Eustatius and Saba<\/option><option value=\"BA\">Bosnia and Herzegovina<\/option><option value=\"BW\">Botswana<\/option><option value=\"BV\">Bouvet Island<\/option><option value=\"BR\">Brazil<\/option><option value=\"IO\">British Indian Ocean Territory<\/option><option value=\"VG\">British Virgin Islands<\/option><option value=\"BN\">Brunei<\/option><option value=\"BG\">Bulgaria<\/option><option value=\"BF\">Burkina Faso<\/option><option value=\"BI\">Burundi<\/option><option value=\"KH\">Cambodia<\/option><option value=\"CM\">Cameroon<\/option><option value=\"CV\">Cape Verde<\/option><option value=\"KY\">Cayman Islands<\/option><option value=\"CF\">Central African Republic<\/option><option value=\"TD\">Chad<\/option><option value=\"CL\">Chile<\/option><option value=\"CN\">China<\/option><option value=\"CX\">Christmas Island<\/option><option value=\"CC\">Cocos (Keeling) Islands<\/option><option value=\"CO\">Colombia<\/option><option value=\"KM\">Comoros<\/option><option value=\"CG\">Congo (Brazzaville)<\/option><option value=\"CD\">Congo (Kinshasa)<\/option><option value=\"CK\">Cook Islands<\/option><option value=\"CR\">Costa Rica<\/option><option value=\"HR\">Croatia<\/option><option value=\"CU\">Cuba<\/option><option value=\"CW\">Cura&Ccedil;ao<\/option><option value=\"CY\">Cyprus<\/option><option value=\"CZ\">Czech Republic<\/option><option value=\"DK\">Denmark<\/option><option value=\"DJ\">Djibouti<\/option><option value=\"DM\">Dominica<\/option><option value=\"DO\">Dominican Republic<\/option><option value=\"EC\">Ecuador<\/option><option value=\"EG\">Egypt<\/option><option value=\"SV\">El Salvador<\/option><option value=\"GQ\">Equatorial Guinea<\/option><option value=\"ER\">Eritrea<\/option><option value=\"EE\">Estonia<\/option><option value=\"ET\">Ethiopia<\/option><option value=\"FK\">Falkland Islands<\/option><option value=\"FO\">Faroe Islands<\/option><option value=\"FJ\">Fiji<\/option><option value=\"FI\">Finland<\/option><option value=\"FR\">France<\/option><option value=\"GF\">French Guiana<\/option><option value=\"PF\">French Polynesia<\/option><option value=\"TF\">French Southern Territories<\/option><option value=\"GA\">Gabon<\/option><option value=\"GM\">Gambia<\/option><option value=\"GE\">Georgia<\/option><option value=\"DE\">Germany<\/option><option value=\"GH\">Ghana<\/option><option value=\"GI\">Gibraltar<\/option><option value=\"GR\">Greece<\/option><option value=\"GL\">Greenland<\/option><option value=\"GD\">Grenada<\/option><option value=\"GP\">Guadeloupe<\/option><option value=\"GT\">Guatemala<\/option><option value=\"GG\">Guernsey<\/option><option value=\"GN\">Guinea<\/option><option value=\"GW\">Guinea-Bissau<\/option><option value=\"GY\">Guyana<\/option><option value=\"HT\">Haiti<\/option><option value=\"HM\">Heard Island and McDonald Islands<\/option><option value=\"HN\">Honduras<\/option><option value=\"HK\">Hong Kong<\/option><option value=\"HU\">Hungary<\/option><option value=\"IS\">Iceland<\/option><option value=\"IN\">India<\/option><option value=\"ID\">Indonesia<\/option><option value=\"IR\">Iran<\/option><option value=\"IQ\">Iraq<\/option><option value=\"IE\">Republic of Ireland<\/option><option value=\"IM\">Isle of Man<\/option><option value=\"IL\">Israel<\/option><option value=\"IT\">Italy<\/option><option value=\"CI\">Ivory Coast<\/option><option value=\"JM\">Jamaica<\/option><option value=\"JP\">Japan<\/option><option value=\"JE\">Jersey<\/option><option value=\"JO\">Jordan<\/option><option value=\"KZ\">Kazakhstan<\/option><option value=\"KE\">Kenya<\/option><option value=\"KI\">Kiribati<\/option><option value=\"KW\">Kuwait<\/option><option value=\"KG\">Kyrgyzstan<\/option><option value=\"LA\">Laos<\/option><option value=\"LV\">Latvia<\/option><option value=\"LB\">Lebanon<\/option><option value=\"LS\">Lesotho<\/option><option value=\"LR\">Liberia<\/option><option value=\"LY\">Libya<\/option><option value=\"LI\">Liechtenstein<\/option><option value=\"LT\">Lithuania<\/option><option value=\"LU\">Luxembourg<\/option><option value=\"MO\">Macao S.A.R., China<\/option><option value=\"MK\">Macedonia<\/option><option value=\"MG\">Madagascar<\/option><option value=\"MW\">Malawi<\/option><option value=\"MY\">Malaysia<\/option><option value=\"MV\">Maldives<\/option><option value=\"ML\">Mali<\/option><option value=\"MT\">Malta<\/option><option value=\"MH\">Marshall Islands<\/option><option value=\"MQ\">Martinique<\/option><option value=\"MR\">Mauritania<\/option><option value=\"MU\">Mauritius<\/option><option value=\"YT\">Mayotte<\/option><option value=\"MX\">Mexico<\/option><option value=\"FM\">Micronesia<\/option><option value=\"MD\">Moldova<\/option><option value=\"MC\">Monaco<\/option><option value=\"MN\">Mongolia<\/option><option value=\"ME\">Montenegro<\/option><option value=\"MS\">Montserrat<\/option><option value=\"MA\">Morocco<\/option><option value=\"MZ\">Mozambique<\/option><option value=\"MM\">Myanmar<\/option><option value=\"NA\">Namibia<\/option><option value=\"NR\">Nauru<\/option><option value=\"NP\">Nepal<\/option><option value=\"NL\">Netherlands<\/option><option value=\"AN\">Netherlands Antilles<\/option><option value=\"NC\">New Caledonia<\/option><option value=\"NZ\">New Zealand<\/option><option value=\"NI\">Nicaragua<\/option><option value=\"NE\">Niger<\/option><option value=\"NG\">Nigeria<\/option><option value=\"NU\">Niue<\/option><option value=\"NF\">Norfolk Island<\/option><option value=\"KP\">North Korea<\/option><option value=\"NO\">Norway<\/option><option value=\"OM\">Oman<\/option><option value=\"PK\">Pakistan<\/option><option value=\"PS\">Palestinian Territory<\/option><option value=\"PA\">Panama<\/option><option value=\"PG\">Papua New Guinea<\/option><option value=\"PY\">Paraguay<\/option><option value=\"PE\">Peru<\/option><option value=\"PH\">Philippines<\/option><option value=\"PN\">Pitcairn<\/option><option value=\"PL\">Poland<\/option><option value=\"PT\">Portugal<\/option><option value=\"QA\">Qatar<\/option><option value=\"RE\">Reunion<\/option><option value=\"RO\">Romania<\/option><option value=\"RU\">Russia<\/option><option value=\"RW\">Rwanda<\/option><option value=\"BL\">Saint Barth&eacute;lemy<\/option><option value=\"SH\">Saint Helena<\/option><option value=\"KN\">Saint Kitts and Nevis<\/option><option value=\"LC\">Saint Lucia<\/option><option value=\"MF\">Saint Martin (French part)<\/option><option value=\"SX\">Saint Martin (Dutch part)<\/option><option value=\"PM\">Saint Pierre and Miquelon<\/option><option value=\"VC\">Saint Vincent and the Grenadines<\/option><option value=\"SM\">San Marino<\/option><option value=\"ST\">S&atilde;o Tom&eacute; and Pr&iacute;ncipe<\/option><option value=\"SA\">Saudi Arabia<\/option><option value=\"SN\">Senegal<\/option><option value=\"RS\">Serbia<\/option><option value=\"SC\">Seychelles<\/option><option value=\"SL\">Sierra Leone<\/option><option value=\"SG\">Singapore<\/option><option value=\"SK\">Slovakia<\/option><option value=\"SI\">Slovenia<\/option><option value=\"SB\">Solomon Islands<\/option><option value=\"SO\">Somalia<\/option><option value=\"ZA\">South Africa<\/option><option value=\"GS\">South Georgia\/Sandwich Islands<\/option><option value=\"KR\">South Korea<\/option><option value=\"SS\">South Sudan<\/option><option value=\"ES\">Spain<\/option><option value=\"LK\">Sri Lanka<\/option><option value=\"SD\">Sudan<\/option><option value=\"SR\">Suriname<\/option><option value=\"SJ\">Svalbard and Jan Mayen<\/option><option value=\"SZ\">Swaziland<\/option><option value=\"SE\">Sweden<\/option><option value=\"CH\">Switzerland<\/option><option value=\"SY\">Syria<\/option><option value=\"TW\">Taiwan<\/option><option value=\"TJ\">Tajikistan<\/option><option value=\"TZ\">Tanzania<\/option><option value=\"TH\">Thailand<\/option><option value=\"TL\">Timor-Leste<\/option><option value=\"TG\">Togo<\/option><option value=\"TK\">Tokelau<\/option><option value=\"TO\">Tonga<\/option><option value=\"TT\">Trinidad and Tobago<\/option><option value=\"TN\">Tunisia<\/option><option value=\"TR\">Turkey<\/option><option value=\"TM\">Turkmenistan<\/option><option value=\"TC\">Turks and Caicos Islands<\/option><option value=\"TV\">Tuvalu<\/option><option value=\"UG\">Uganda<\/option><option value=\"UA\">Ukraine<\/option><option value=\"AE\">United Arab Emirates<\/option><option value=\"UY\">Uruguay<\/option><option value=\"UZ\">Uzbekistan<\/option><option value=\"VU\">Vanuatu<\/option><option value=\"VA\">Vatican<\/option><option value=\"VE\">Venezuela<\/option><option value=\"VN\">Vietnam<\/option><option value=\"WF\">Wallis and Futuna<\/option><option value=\"EH\">Western Sahara<\/option><option value=\"WS\">Western Samoa<\/option><option value=\"YE\">Yemen<\/option><option value=\"ZM\">Zambia<\/option><option value=\"ZW\">Zimbabwe<\/option><\/select><\/div>\n<div class=\"vfb-form-group\" style=\"\"><label for=\"vfb-field-26-city\" class=\"vfb-address-label\">City<\/label><input id=\"vfb-field-26-city\" class=\"vfb-form-control vfb-addresspart-city\" placeholder=\"\" required=\"required\" type=\"text\" name=\"vfb-field-26[city]\"><\/div>\n<div class=\"vfb-form-group\" style=\"\"><label for=\"vfb-field-26-province\" class=\"vfb-address-label\">State<\/label><select id=\"vfb-field-26-province\" class=\"vfb-form-control vfb-addresspart-province\" placeholder=\"\" required=\"required\" name=\"vfb-field-26[province]\"><option value=\"\"><\/option><option value=\"AL\">Alabama<\/option><option value=\"AK\">Alaska<\/option><option value=\"AZ\">Arizona<\/option><option value=\"AR\">Arkansas<\/option><option value=\"CA\">California<\/option><option value=\"CO\">Colorado<\/option><option value=\"CT\">Connecticut<\/option><option value=\"DE\">Delaware<\/option><option value=\"DC\">District Of Columbia<\/option><option value=\"FL\">Florida<\/option><option value=\"GA\">Georgia<\/option><option value=\"HI\">Hawaii<\/option><option value=\"ID\">Idaho<\/option><option value=\"IL\">Illinois<\/option><option value=\"IN\">Indiana<\/option><option value=\"IA\">Iowa<\/option><option value=\"KS\">Kansas<\/option><option value=\"KY\">Kentucky<\/option><option value=\"LA\">Louisiana<\/option><option value=\"ME\">Maine<\/option><option value=\"MD\">Maryland<\/option><option value=\"MA\">Massachusetts<\/option><option value=\"MI\">Michigan<\/option><option value=\"MN\">Minnesota<\/option><option value=\"MS\">Mississippi<\/option><option value=\"MO\">Missouri<\/option><option value=\"MT\">Montana<\/option><option value=\"NE\">Nebraska<\/option><option value=\"NV\">Nevada<\/option><option value=\"NH\">New Hampshire<\/option><option value=\"NJ\">New Jersey<\/option><option value=\"NM\">New Mexico<\/option><option value=\"NY\">New York<\/option><option value=\"NC\">North Carolina<\/option><option value=\"ND\">North Dakota<\/option><option value=\"OH\">Ohio<\/option><option value=\"OK\">Oklahoma<\/option><option value=\"OR\">Oregon<\/option><option value=\"PA\">Pennsylvania<\/option><option value=\"RI\">Rhode Island<\/option><option value=\"SC\">South Carolina<\/option><option value=\"SD\">South Dakota<\/option><option value=\"TN\">Tennessee<\/option><option value=\"TX\">Texas<\/option><option value=\"UT\">Utah<\/option><option value=\"VT\">Vermont<\/option><option value=\"VA\">Virginia<\/option><option value=\"WA\">Washington<\/option><option value=\"WV\">West Virginia<\/option><option value=\"WI\">Wisconsin<\/option><option value=\"WY\">Wyoming<\/option><option value=\"AA\">Armed Forces (AA)<\/option><option value=\"AE\">Armed Forces (AE)<\/option><option value=\"AP\">Armed Forces (AP)<\/option><option value=\"AS\">American Samoa<\/option><option value=\"GU\">Guam<\/option><option value=\"MP\">Northern Mariana Islands<\/option><option value=\"PR\">Puerto Rico<\/option><option value=\"UM\">US Minor Outlying Islands<\/option><option value=\"VI\">US Virgin Islands<\/option><\/select><\/div>\n<div class=\"vfb-form-group\" style=\"\"><label for=\"vfb-field-26-zip\" class=\"vfb-address-label\">Zip code<\/label><input id=\"vfb-field-26-zip\" class=\"vfb-form-control vfb-addresspart-zip\" placeholder=\"\" required=\"required\" type=\"text\" name=\"vfb-field-26[zip]\"><\/div>\n<\/div>\n<\/div>\n<\/div>\n<div class=\"vfb-clearfix\"><\/div>\n<div class=\"vfb-col-12 vfb-fieldType-phone\" id=\"vfbField27\">\n<div class=\"vfb-form-group\"><label for=\"vfb-field-27\" class=\"vfb-control-label\">T\u00e9l\u00e9phone <span class=\"vfb-required-asterisk\">*<\/span><\/label><\/p>\n<div><input id=\"vfb-field-27\" class=\"vfb-form-control vfb-intl-phone\" placeholder=\"\" required=\"required\" type=\"tel\" name=\"vfb-field-27\" value=\"\"><\/div>\n<\/div>\n<\/div>\n<div class=\"vfb-clearfix\"><\/div>\n<div class=\"vfb-col-12 vfb-fieldType-email\" id=\"vfbField28\">\n<div class=\"vfb-form-group\"><label for=\"vfb-field-28\" class=\"vfb-control-label\">Email <span class=\"vfb-required-asterisk\">*<\/span><\/label><\/p>\n<div><input id=\"vfb-field-28\" class=\"vfb-form-control\" placeholder=\"\" required=\"required\" type=\"email\" name=\"vfb-field-28\" value=\"\"><\/div>\n<\/div>\n<\/div>\n<div class=\"vfb-clearfix\"><\/div>\n<div class=\"vfb-col-12 vfb-fieldType-select\" id=\"vfbField29\"><label for=\"vfb-field-29\" class=\"vfb-control-label\">Mode de communication pr\u00e9f\u00e9r\u00e9 <span class=\"vfb-required-asterisk\">*<\/span><\/label><\/p>\n<div>\n<div class=\"vfb-form-group\"><select id=\"vfb-field-29\" class=\"vfb-form-control\" placeholder=\"\" required=\"required\" name=\"vfb-field-29\"><option value=\"T&eacute;l&eacute;phone\">T\u00e9l\u00e9phone<\/option><option value=\"Email\">Email<\/option><\/select><\/div>\n<\/div>\n<\/div>\n<div class=\"vfb-clearfix\"><\/div>\n<div class=\"vfb-col-12 vfb-fieldType-select\" id=\"vfbField30\"><label for=\"vfb-field-30\" class=\"vfb-control-label\">Que voudriez-vous essayer ? <span class=\"vfb-required-asterisk\">*<\/span><\/label><\/p>\n<div>\n<div class=\"vfb-form-group\"><select id=\"vfb-field-30\" class=\"vfb-form-control\" placeholder=\"\" required=\"required\" name=\"vfb-field-30\"><option value=\"Fl&ucirc;te Aur&eacute;is\">Fl\u00fbte Aur\u00e9is<\/option><option value=\"Fl&ucirc;te M&eacute;tis\">Fl\u00fbte M\u00e9tis<\/option><option value=\"Fl&ucirc;te Ovatio\">Fl\u00fbte Ovatio<\/option><option value=\"Embouchure Alpha\">Embouchure Alpha<\/option><option value=\"Embouchure Delta\">Embouchure Delta<\/option><option value=\"Embouchure Sigma\">Embouchure Sigma<\/option><option value=\"Autre\">Autre<\/option><\/select><\/div>\n<\/div>\n<\/div>\n<div class=\"vfb-clearfix\"><\/div>\n<div class=\"vfb-col-12 vfb-fieldType-textarea\" id=\"vfbField31\">\n<div class=\"vfb-form-group\"><label for=\"vfb-field-31\" class=\"vfb-control-label\">AVEZ-VOUS DES SP\u00c9CIFICATIONS PARTICULI\u00c8RES OU DES DEMANDES POUR NOUS ?<\/label><\/p>\n<div><textarea id=\"vfb-field-31\" class=\"vfb-form-control\" placeholder=\"\" rows=\"10\" name=\"vfb-field-31\" cols=\"50\"><\/textarea><\/div>\n<\/div>\n<\/div>\n<div class=\"vfb-clearfix\"><\/div>\n<div class=\"vfb-col-12 vfb-fieldType-captcha\" id=\"vfbField45\">\n<div class=\"vfb-form-group\">\n<div>\n<div class=\"g-recaptcha-v3\" data-sitekey=\"6LeMmL4aAAAAAFvCRjSGxhWQ1UjSQfzNTV1hUQDd\"><\/div>\n<p><input type=\"hidden\" name=\"_vfb_recaptcha_enabled\" value=\"1\" id=\"\"><input type=\"hidden\" id=\"g-recaptcha-response\" name=\"g-recaptcha-response\"><\/p>\n<div class=\"vfb-has-error\" id=\"vfb-recaptcha-error\"><span class=\"vfb-help-block\">reCAPTCHA is required.<\/span><\/div>\n<\/div>\n<\/div>\n<\/div>\n<div class=\"vfb-clearfix\"><\/div>\n<div class=\"vfb-col-12 vfb-fieldType-submit\" id=\"vfbField32\"><button id=\"vfb-field-32\" class=\" btn btn-primary\" placeholder=\"\" type=\"submit\" name=\"_vfb-submit\">Envoyer<\/button><\/div>\n<div class=\"vfb-clearfix\"><\/div>\n<\/form>\n","protected":false},"excerpt":{"rendered":"<p>Planifier un essai La s\u00e9lection d\u2019un nouvel instrument peut \u00eatre un processus intimidant et nous aimons travailler avec vous en \u00e9troite collaboration afin de vous guider. Notre \u00e9quipe de fl\u00fbtistes professionnels est \u00e0 votre disposition pour r\u00e9pondre \u00e0 toutes vos questions sur les instruments Parmenon et sur les embouchures. Pour planifier un essai, veuillez remplir [&hellip;]<\/p>\n","protected":false},"author":12,"featured_media":0,"parent":0,"menu_order":0,"comment_status":"closed","ping_status":"closed","template":"","meta":{"_acf_changed":false,"_relevanssi_hide_post":"","_relevanssi_pin_for_all":"","_relevanssi_pin_keywords":"","_relevanssi_unpin_keywords":"","_relevanssi_related_keywords":"","_relevanssi_related_include_ids":"","_relevanssi_related_exclude_ids":"","_relevanssi_related_no_append":"","_relevanssi_related_not_related":"","_relevanssi_related_posts":"","_relevanssi_noindex_reason":"","footnotes":""},"class_list":["post-168","page","type-page","status-publish","hentry"],"acf":[],"_links":{"self":[{"href":"https:\/\/parmenon.buffet-multisite.buffet-preprod-02.modulodigital.com\/fr\/wp-json\/wp\/v2\/pages\/168","targetHints":{"allow":["GET"]}}],"collection":[{"href":"https:\/\/parmenon.buffet-multisite.buffet-preprod-02.modulodigital.com\/fr\/wp-json\/wp\/v2\/pages"}],"about":[{"href":"https:\/\/parmenon.buffet-multisite.buffet-preprod-02.modulodigital.com\/fr\/wp-json\/wp\/v2\/types\/page"}],"author":[{"embeddable":true,"href":"https:\/\/parmenon.buffet-multisite.buffet-preprod-02.modulodigital.com\/fr\/wp-json\/wp\/v2\/users\/12"}],"replies":[{"embeddable":true,"href":"https:\/\/parmenon.buffet-multisite.buffet-preprod-02.modulodigital.com\/fr\/wp-json\/wp\/v2\/comments?post=168"}],"version-history":[{"count":5,"href":"https:\/\/parmenon.buffet-multisite.buffet-preprod-02.modulodigital.com\/fr\/wp-json\/wp\/v2\/pages\/168\/revisions"}],"predecessor-version":[{"id":392,"href":"https:\/\/parmenon.buffet-multisite.buffet-preprod-02.modulodigital.com\/fr\/wp-json\/wp\/v2\/pages\/168\/revisions\/392"}],"wp:attachment":[{"href":"https:\/\/parmenon.buffet-multisite.buffet-preprod-02.modulodigital.com\/fr\/wp-json\/wp\/v2\/media?parent=168"}],"curies":[{"name":"wp","href":"https:\/\/api.w.org\/{rel}","templated":true}]}}